{"id":12358,"date":"2026-02-14T12:54:50","date_gmt":"2026-02-14T11:54:50","guid":{"rendered":"https:\/\/obskur.net\/?post_type=product&#038;p=12358"},"modified":"2026-02-22T01:08:32","modified_gmt":"2026-02-22T00:08:32","slug":"head-of-a-skeleton-with-a-burning-cigarette-van-gogh","status":"publish","type":"product","link":"https:\/\/obskur.net\/de\/shop\/head-of-a-skeleton-with-a-burning-cigarette-van-gogh\/","title":{"rendered":"Kopf eines Skeletts mit brennender Zigarette \u2013 Vincent van Gogh"},"content":{"rendered":"<p>Vincent van Gogh \u2013 Kopf eines Skeletts mit brennender Zigarette (1886)<\/p>\n<p>Dieses auff\u00e4llige \u00d6lgem\u00e4lde ist eine verst\u00f6rende monochrome Studie eines Skeletts, das durch die zwischen seinen Z\u00e4hnen geklemmte brennende Zigarette sowohl vermenschlicht als auch satirisiert wird. Vor einem dunklen, unscheinbaren Hintergrund erscheint die Figur nicht als sterile wissenschaftliche Studie, sondern als lebendige Karikatur des Todes selbst, eingetaucht in eine d\u00fcstere, fast gotische Atmosph\u00e4re.<\/p>\n<p>Die visuelle Kraft des Gem\u00e4ldes liegt in der morbiden Absurdit\u00e4t der Szene; es ist ein Memento mori mit einer rebellischen Note. Die brennende Zigarette dient als winziges, trotziges Licht in der \u00fcberw\u00e4ltigenden Dunkelheit der Sterblichkeit und schl\u00e4gt eine Br\u00fccke zwischen den klassischen Vanitas-Gem\u00e4lden des 17. Jahrhunderts und einem modernen, fast punkrockartigen Nihilismus.<\/p>\n<p class=\"translation-block\">Eine satirische Rebellion:<br>\nDieses Werk entstand w\u00e4hrend eines tr\u00fcben Winters in Antwerpen und war Van Goghs scharfz\u00fcngige Antwort auf die strenge akademische Ausbildung an der K\u00f6niglichen Akademie, wo er Skelette statt lebende Modelle zeichnen musste. Hinter der Satire verbirgt sich jedoch eine ergreifende Reflexion \u00fcber die Realit\u00e4t des K\u00fcnstlers: Er war bei schlechter Gesundheit und starker Raucher. Folglich steht das Bild als tragikomische Metapher f\u00fcr Van Goghs eigene Existenz \u2013 hell und selbstzerst\u00f6rerisch brennend, w\u00e4hrend er sich seinem unvermeidlichen Ende stellt.<\/p>","protected":false},"excerpt":{"rendered":"<div class=\"elementor-element elementor-element-3eb50b4 elementor-widget elementor-widget-wl-single-product-short-description\" data-id=\"3eb50b4\" data-element_type=\"widget\" data-e-type=\"widget\" data-widget_type=\"wl-single-product-short-description.default\">\n<div class=\"elementor-widget-container\">\n<div class=\"woocommerce-product-details__short-description\">\n<h4><b>Mattes Poster in Museumsqualit\u00e4t<\/b><\/h4>\n<p>Dieses Archiv-Poster in Museumsqualit\u00e4t wertet jede Wand auf. Entwickelt f\u00fcr Sammler mit hohem Anspruch an Luxus, bietet dieses nat\u00fcrliche, altwei\u00dfe, unbeschichtete Papier eine anspruchsvolle, nicht gl\u00e4nzende \u00c4sthetik, die das Kunstwerk f\u00fcr sich selbst sprechen l\u00e4sst.<\/p>\n<ul>\n<li aria-level=\"1\"><b>Premium-Gewicht:<\/b>\u00a0Schweres 250 g\/m\u00b2 (0,29 mm dickes) Papier sorgt f\u00fcr eine griffige, hochwertige Haptik.<\/li>\n<li aria-level=\"1\"><b>Archivierbar &amp; S\u00e4urefrei:<\/b>\u00a0Ein pH-Wert \u00fcber 7 garantiert, dass der Druck nicht vergilbt und die Zeit \u00fcberdauert.<\/li>\n<li aria-level=\"1\"><b>Nachhaltige Wahl:<\/b>\u00a0Verantwortungsvoll hergestellt aus FSC-zertifiziertem Papier.<\/li>\n<li aria-level=\"1\"><b>Lebendige Langlebigkeit:<\/b>\u00a0Der hochaufl\u00f6sende Druck sorgt f\u00fcr scharfe Details, w\u00e4hrend professionelle, UV-best\u00e4ndige Tinten ein Verblassen verhindern.<\/li>\n<\/ul>\n<h4><b>Premium-Leinwand<\/b><\/h4>\n<p>Unsere Premium-Leinwanddrucke laden dazu ein, f\u00f6rmlich in das Kunstwerk einzutauchen. Mit einer verst\u00e4rkten nat\u00fcrlichen Textur und einer zeitlosen \u00c4sthetik erweckt dieser ungerahmte Leinwanddruck die Vision des K\u00fcnstlers perfekt zum Leben.<\/p>\n<ul>\n<li aria-level=\"1\"><b>Premium-Material:<\/b>\u00a0Ein schweres (300-350 g\/m\u00b2) Baumwoll-Polyester-Mischgewebe bietet durch den hochaufl\u00f6senden Druck eine reichhaltige, taktile Oberfl\u00e4che.<\/li>\n<li aria-level=\"1\"><b>Galerie-reife Wirkung:<\/b>\u00a0Mit einem 4 cm dicken Rahmen und einer 12 mm Schattenfuge verleiht diese Leinwand in Museumsqualit\u00e4t jedem Werk ein beeindruckendes Gef\u00fchl von Tiefe und Dimension.<\/li>\n<li aria-level=\"1\"><b>Nat\u00fcrliche Textur:<\/b>\u00a0Die nat\u00fcrlich gewebte Textur verst\u00e4rkt die Tiefe und Haptik des Bildes und schafft ein wirklich immersives visuelles Erlebnis, ohne dass ein Rahmen ben\u00f6tigt wird.<\/li>\n<li aria-level=\"1\"><b>Lebendige Langlebigkeit:<\/b>\u00a0Der hochaufl\u00f6sende Druck sorgt f\u00fcr scharfe Details, w\u00e4hrend professionelle, UV-best\u00e4ndige Tinten ein Verblassen verhindern.<\/li>\n<\/ul>\n<p><b>Pflegetipp:<\/b>\u00a0To preserve its brilliant colors, keep your canvas out of extended direct sunlight and simply dust gently with a soft, dry cloth.<\/p>\n<h4><b>Gerahmte Premium-Leinwand<\/b><\/h4>\n<p>Eine Aufwertung f\u00fcr den Raum mit dem hochwertigsten Produkt in unserem Shop. Als Br\u00fccke zwischen klassischer bildender Kunst und der OBSKUR-\u00c4sthetik bieten unsere gerahmten Leinwanddrucke eine fesselnde Tiefe und markante, UV-best\u00e4ndige Farben.<\/p>\n<ul>\n<li aria-level=\"1\"><b>Premium-Material:<\/b>\u00a0Eine schwere (300-350 g\/m\u00b2) Leinwand aus Baumwoll-Polyester-Mischgewebe bietet eine reichhaltige, taktile Oberfl\u00e4che.<\/li>\n<li aria-level=\"1\"><b>Nachhaltige Rahmung:<\/b>\u00a0Zur Auswahl stehen FSC-zertifizierte Pappel- oder Kiefernholzrahmen in minimalistischem Schwarz, rustikalem Naturholz oder klassischem Dunkelbraun.<\/li>\n<li aria-level=\"1\"><b>Galerie-reife Leinwand:<\/b>\u00a0Mit einer Rahmenst\u00e4rke von 4 cm und einem raffinierten Abstand von 12 mm zwischen Leinwand und Rahmen.<\/li>\n<li aria-level=\"1\"><b>Lebendige Langlebigkeit:<\/b>\u00a0Der hochaufl\u00f6sende Druck sorgt f\u00fcr scharfe Details, w\u00e4hrend professionelle, UV-best\u00e4ndige Tinten ein Verblassen verhindern.<\/li>\n<\/ul>\n<p><b>Pflegetipp:<\/b> Um die lebendigen Farben des Drucks zu erhalten, l\u00e4ngere direkte Sonneneinstrahlung vermeiden und Leinwand sowie Rahmen einfach mit einem weichen, trockenen Tuch abstauben. Wasser oder Reinigungsmittel werden nicht ben\u00f6tigt.<\/p>\n<\/div>\n<\/div>\n<\/div>","protected":false},"featured_media":13344,"template":"","meta":[],"product_brand":[],"product_cat":[21],"product_tag":[145],"class_list":{"0":"post-12358","1":"product","2":"type-product","3":"status-publish","4":"has-post-thumbnail","6":"product_cat-art","7":"product_tag-vincent-van-gogh","9":"first","10":"instock","11":"shipping-taxable","12":"purchasable","13":"product-type-variable"},"_links":{"self":[{"href":"https:\/\/obskur.net\/de\/wp-json\/wp\/v2\/product\/12358","targetHints":{"allow":["GET"]}}],"collection":[{"href":"https:\/\/obskur.net\/de\/wp-json\/wp\/v2\/product"}],"about":[{"href":"https:\/\/obskur.net\/de\/wp-json\/wp\/v2\/types\/product"}],"version-history":[{"count":0,"href":"https:\/\/obskur.net\/de\/wp-json\/wp\/v2\/product\/12358\/revisions"}],"wp:featuredmedia":[{"embeddable":true,"href":"https:\/\/obskur.net\/de\/wp-json\/wp\/v2\/media\/13344"}],"wp:attachment":[{"href":"https:\/\/obskur.net\/de\/wp-json\/wp\/v2\/media?parent=12358"}],"wp:term":[{"taxonomy":"product_brand","embeddable":true,"href":"https:\/\/obskur.net\/de\/wp-json\/wp\/v2\/product_brand?post=12358"},{"taxonomy":"product_cat","embeddable":true,"href":"https:\/\/obskur.net\/de\/wp-json\/wp\/v2\/product_cat?post=12358"},{"taxonomy":"product_tag","embeddable":true,"href":"https:\/\/obskur.net\/de\/wp-json\/wp\/v2\/product_tag?post=12358"}],"curies":[{"name":"wp","href":"https:\/\/api.w.org\/{rel}","templated":true}]}}