{"id":12272,"date":"2026-02-14T01:52:02","date_gmt":"2026-02-14T00:52:02","guid":{"rendered":"https:\/\/obskur.net\/?post_type=product&#038;p=12272"},"modified":"2026-02-22T01:06:06","modified_gmt":"2026-02-22T00:06:06","slug":"disaster-adam-chmielowski","status":"publish","type":"product","link":"https:\/\/obskur.net\/de\/shop\/disaster-adam-chmielowski\/","title":{"rendered":"Der Tod und das Feuer \/ Tod und Feuersbrunst \u2013 Adam Chmielowski"},"content":{"rendered":"<p>Adam Chmielowski \u2013 Der Tod und das Feuer \/ Tod und Feuersbrunst, zentrales Gem\u00e4lde des Triptychons \u201eKatastrophe\u201c.<\/p>\n<p>Dieses eindringliche Werk bildet das Mittelteil des Triptychons \u201eKatastrophe\u201c, dessen Format traditionell f\u00fcr sakrale Altarbilder reserviert ist. Anstatt die Adrenalin geladene Stimmung einer Schlacht darzustellen, zeigt es die erstickende, stille Zeit nach dem Januaraufstand von 1863 \u2013 einer nationalen Katastrophe, die den K\u00fcnstler Adam Chmielowski sein Bein und seine Jugend kostete.<\/p>\n<p>Die visuelle Kraft des Werks liegt in seiner \u201eatmosph\u00e4rischen Leere\u201c, in der Rauch und Schatten die Landschaft verschlingen und einen universellen Altar der Trauer schaffen. Indem er heroische Handlungen zugunsten einer stimmungsvollen symbolischen Stille vermeidet, verwandelt Chmielowski einen gescheiterten Aufstand in eine zeitlose Meditation \u00fcber den \u201eerhabenen Verfall\u201c des menschlichen Geistes.<\/p>\n<p class=\"translation-block\">Die Poetik des nationalen Traumas:<br>\nDas Werk entstand, bevor der K\u00fcnstler seine Pinsel an den Nagel h\u00e4ngte, um sich ganz den Armen zu widmen. Es f\u00e4ngt den schrecklichen Moment ein, in dem eine Welt vom Feuer verschlungen wird. Es ist ein Zeugnis der \u201epolnischen Seele\u201c - eine Landschaft existenzieller Angst, die in der heutigen Underground-\u00c4sthetik ebenso tief nachhallt wie in der verbrannten Erde des 19. Jahrhunderts.<\/p>","protected":false},"excerpt":{"rendered":"<div class=\"elementor-element elementor-element-3eb50b4 elementor-widget elementor-widget-wl-single-product-short-description\" data-id=\"3eb50b4\" data-element_type=\"widget\" data-e-type=\"widget\" data-widget_type=\"wl-single-product-short-description.default\">\n<div class=\"elementor-widget-container\">\n<div class=\"woocommerce-product-details__short-description\">\n<h4><b>Mattes Poster in Museumsqualit\u00e4t<\/b><\/h4>\n<p>Dieses Archiv-Poster in Museumsqualit\u00e4t wertet jede Wand auf. Entwickelt f\u00fcr Sammler mit hohem Anspruch an Luxus, bietet dieses nat\u00fcrliche, altwei\u00dfe, unbeschichtete Papier eine anspruchsvolle, nicht gl\u00e4nzende \u00c4sthetik, die das Kunstwerk f\u00fcr sich selbst sprechen l\u00e4sst.<\/p>\n<ul>\n<li aria-level=\"1\"><b>Premium-Gewicht:<\/b>\u00a0Schweres 250 g\/m\u00b2 (0,29 mm dickes) Papier sorgt f\u00fcr eine griffige, hochwertige Haptik.<\/li>\n<li aria-level=\"1\"><b>Archivierbar &amp; S\u00e4urefrei:<\/b>\u00a0Ein pH-Wert \u00fcber 7 garantiert, dass der Druck nicht vergilbt und die Zeit \u00fcberdauert.<\/li>\n<li aria-level=\"1\"><b>Nachhaltige Wahl:<\/b>\u00a0Verantwortungsvoll hergestellt aus FSC-zertifiziertem Papier.<\/li>\n<li aria-level=\"1\"><b>Lebendige Langlebigkeit:<\/b>\u00a0Der hochaufl\u00f6sende Druck sorgt f\u00fcr scharfe Details, w\u00e4hrend professionelle, UV-best\u00e4ndige Tinten ein Verblassen verhindern.<\/li>\n<\/ul>\n<hr \/>\n<h4><b>Premium-Leinwand<\/b><\/h4>\n<p>Unsere Premium-Leinwanddrucke laden dazu ein, f\u00f6rmlich in das Kunstwerk einzutauchen. Mit einer verst\u00e4rkten nat\u00fcrlichen Textur und einer zeitlosen \u00c4sthetik erweckt dieser ungerahmte Leinwanddruck die Vision des K\u00fcnstlers perfekt zum Leben.<\/p>\n<ul>\n<li aria-level=\"1\"><b>Premium-Material:<\/b>\u00a0Ein schweres (300-350 g\/m\u00b2) Baumwoll-Polyester-Mischgewebe bietet durch den hochaufl\u00f6senden Druck eine reichhaltige, taktile Oberfl\u00e4che.<\/li>\n<li aria-level=\"1\"><b>Galerie-reife Wirkung:<\/b>\u00a0Mit einem 4 cm dicken Rahmen und einer 12 mm Schattenfuge verleiht diese Leinwand in Museumsqualit\u00e4t jedem Werk ein beeindruckendes Gef\u00fchl von Tiefe und Dimension.<\/li>\n<li aria-level=\"1\"><b>Nat\u00fcrliche Textur:<\/b>\u00a0Die nat\u00fcrlich gewebte Textur verst\u00e4rkt die Tiefe und Haptik des Bildes und schafft ein wirklich immersives visuelles Erlebnis, ohne dass ein Rahmen ben\u00f6tigt wird.<\/li>\n<li aria-level=\"1\"><b>Lebendige Langlebigkeit:<\/b>\u00a0Der hochaufl\u00f6sende Druck sorgt f\u00fcr scharfe Details, w\u00e4hrend professionelle, UV-best\u00e4ndige Tinten ein Verblassen verhindern.<\/li>\n<\/ul>\n<p><b>Pflegetipp:<\/b>\u00a0To preserve its brilliant colors, keep your canvas out of extended direct sunlight and simply dust gently with a soft, dry cloth.<\/p>\n<hr \/>\n<h4><b>Gerahmte Premium-Leinwand<\/b><\/h4>\n<p>Eine Aufwertung f\u00fcr den Raum mit dem hochwertigsten Produkt in unserem Shop. Als Br\u00fccke zwischen klassischer bildender Kunst und der OBSKUR-\u00c4sthetik bieten unsere gerahmten Leinwanddrucke eine fesselnde Tiefe und markante, UV-best\u00e4ndige Farben.<\/p>\n<ul>\n<li aria-level=\"1\"><b>Premium-Material:<\/b>\u00a0Eine schwere (300-350 g\/m\u00b2) Leinwand aus Baumwoll-Polyester-Mischgewebe bietet eine reichhaltige, taktile Oberfl\u00e4che.<\/li>\n<li aria-level=\"1\"><b>Nachhaltige Rahmung:<\/b>\u00a0Zur Auswahl stehen FSC-zertifizierte Pappel- oder Kiefernholzrahmen in minimalistischem Schwarz, rustikalem Naturholz oder klassischem Dunkelbraun.<\/li>\n<li aria-level=\"1\"><b>Galerie-reife Leinwand:<\/b>\u00a0Mit einer Rahmenst\u00e4rke von 4 cm und einem raffinierten Abstand von 12 mm zwischen Leinwand und Rahmen.<\/li>\n<li aria-level=\"1\"><b>Lebendige Langlebigkeit:<\/b>\u00a0Der hochaufl\u00f6sende Druck sorgt f\u00fcr scharfe Details, w\u00e4hrend professionelle, UV-best\u00e4ndige Tinten ein Verblassen verhindern.<\/li>\n<\/ul>\n<p><b>Pflegetipp:<\/b> Um die lebendigen Farben des Drucks zu erhalten, l\u00e4ngere direkte Sonneneinstrahlung vermeiden und Leinwand sowie Rahmen einfach mit einem weichen, trockenen Tuch abstauben. Wasser oder Reinigungsmittel werden nicht ben\u00f6tigt.<\/p>\n<\/div>\n<\/div>\n<\/div>","protected":false},"featured_media":13338,"template":"","meta":[],"product_brand":[],"product_cat":[21],"product_tag":[144],"class_list":{"0":"post-12272","1":"product","2":"type-product","3":"status-publish","4":"has-post-thumbnail","6":"product_cat-art","7":"product_tag-adam-chmielowski","9":"first","10":"instock","11":"shipping-taxable","12":"purchasable","13":"product-type-variable"},"_links":{"self":[{"href":"https:\/\/obskur.net\/de\/wp-json\/wp\/v2\/product\/12272","targetHints":{"allow":["GET"]}}],"collection":[{"href":"https:\/\/obskur.net\/de\/wp-json\/wp\/v2\/product"}],"about":[{"href":"https:\/\/obskur.net\/de\/wp-json\/wp\/v2\/types\/product"}],"version-history":[{"count":0,"href":"https:\/\/obskur.net\/de\/wp-json\/wp\/v2\/product\/12272\/revisions"}],"wp:featuredmedia":[{"embeddable":true,"href":"https:\/\/obskur.net\/de\/wp-json\/wp\/v2\/media\/13338"}],"wp:attachment":[{"href":"https:\/\/obskur.net\/de\/wp-json\/wp\/v2\/media?parent=12272"}],"wp:term":[{"taxonomy":"product_brand","embeddable":true,"href":"https:\/\/obskur.net\/de\/wp-json\/wp\/v2\/product_brand?post=12272"},{"taxonomy":"product_cat","embeddable":true,"href":"https:\/\/obskur.net\/de\/wp-json\/wp\/v2\/product_cat?post=12272"},{"taxonomy":"product_tag","embeddable":true,"href":"https:\/\/obskur.net\/de\/wp-json\/wp\/v2\/product_tag?post=12272"}],"curies":[{"name":"wp","href":"https:\/\/api.w.org\/{rel}","templated":true}]}}