{"id":12028,"date":"2026-02-13T15:21:13","date_gmt":"2026-02-13T14:21:13","guid":{"rendered":"https:\/\/obskur.net\/?post_type=product&#038;p=12028"},"modified":"2026-02-22T01:05:22","modified_gmt":"2026-02-22T00:05:22","slug":"hypnosis-sascha-schneider","status":"publish","type":"product","link":"https:\/\/obskur.net\/de\/shop\/hypnosis-sascha-schneider\/","title":{"rendered":"Hypnose - Sascha Schneider"},"content":{"rendered":"<p>Hypnose (Hypnosis) (1904)<\/p>\n<p>Diese Radierung zeigt eine monumentale, nackte m\u00e4nnliche Figur \u2013 den Hypnotiseur \u2013, die einen kleineren, in Trance versetzten m\u00e4nnlichen Gegenpart dominiert. Der Hintergrund suggeriert eine \u201everschwommene innere Welt\u201d und dient als abstrakter Raum der Psyche.<\/p>\n<p>Die visuelle Spannung entsteht ausschlie\u00dflich durch den intensiven Blickkontakt zwischen den beiden Figuren, der den \u201eewigen Konflikt zwischen Licht und Dunkelheit, Kontrolle und Unterwerfung\u201c symbolisiert. Die intensive, homoerotische Machtdynamik dieses Bildes diente Robert Eggers als direkte visuelle Inspiration f\u00fcr seinen Film The Lighthouse (2019).<\/p>\n<p class=\"translation-block\">Biografischer Kontext:<br>\nDas Werk entstand im selben Jahr, in dem Schneider Hellmuth Jahn kennenlernte, was den Beginn einer Beziehung markierte, die schlie\u00dflich in Erpressung endete. Folglich kann das Bild als Metapher f\u00fcr die \u201eZensur seiner Sexualit\u00e4t\u201c oder die erschreckende Verletzlichkeit, die der Liebe innewohnt, gelesen werden.<\/p>","protected":false},"excerpt":{"rendered":"<div class=\"elementor-element elementor-element-3eb50b4 elementor-widget elementor-widget-wl-single-product-short-description\" data-id=\"3eb50b4\" data-element_type=\"widget\" data-e-type=\"widget\" data-widget_type=\"wl-single-product-short-description.default\">\n<div class=\"elementor-widget-container\">\n<div class=\"woocommerce-product-details__short-description\">\n<h4><b>Mattes Poster in Museumsqualit\u00e4t<\/b><\/h4>\n<p>Dieses Archiv-Poster in Museumsqualit\u00e4t wertet jede Wand auf. Entwickelt f\u00fcr Sammler mit hohem Anspruch an Luxus, bietet dieses nat\u00fcrliche, altwei\u00dfe, unbeschichtete Papier eine anspruchsvolle, nicht gl\u00e4nzende \u00c4sthetik, die das Kunstwerk f\u00fcr sich selbst sprechen l\u00e4sst.<\/p>\n<ul>\n<li aria-level=\"1\"><b>Premium-Gewicht:<\/b>\u00a0Schweres 250 g\/m\u00b2 (0,29 mm dickes) Papier sorgt f\u00fcr eine griffige, hochwertige Haptik.<\/li>\n<li aria-level=\"1\"><b>Archivierbar &amp; S\u00e4urefrei:<\/b>\u00a0Ein pH-Wert \u00fcber 7 garantiert, dass der Druck nicht vergilbt und die Zeit \u00fcberdauert.<\/li>\n<li aria-level=\"1\"><b>Nachhaltige Wahl:<\/b>\u00a0Verantwortungsvoll hergestellt aus FSC-zertifiziertem Papier.<\/li>\n<li aria-level=\"1\"><b>Lebendige Langlebigkeit:<\/b>\u00a0Der hochaufl\u00f6sende Druck sorgt f\u00fcr scharfe Details, w\u00e4hrend professionelle, UV-best\u00e4ndige Tinten ein Verblassen verhindern.<\/li>\n<\/ul>\n<hr \/>\n<h4><b>Premium-Leinwand<\/b><\/h4>\n<p>Unsere Premium-Leinwanddrucke laden dazu ein, f\u00f6rmlich in das Kunstwerk einzutauchen. Mit einer verst\u00e4rkten nat\u00fcrlichen Textur und einer zeitlosen \u00c4sthetik erweckt dieser ungerahmte Leinwanddruck die Vision des K\u00fcnstlers perfekt zum Leben.<\/p>\n<ul>\n<li aria-level=\"1\"><b>Premium-Material:<\/b>\u00a0Ein schweres (300-350 g\/m\u00b2) Baumwoll-Polyester-Mischgewebe bietet durch den hochaufl\u00f6senden Druck eine reichhaltige, taktile Oberfl\u00e4che.<\/li>\n<li aria-level=\"1\"><b>Galerie-reife Wirkung:<\/b>\u00a0Mit einem 4 cm dicken Rahmen und einer 12 mm Schattenfuge verleiht diese Leinwand in Museumsqualit\u00e4t jedem Werk ein beeindruckendes Gef\u00fchl von Tiefe und Dimension.<\/li>\n<li aria-level=\"1\"><b>Nat\u00fcrliche Textur:<\/b>\u00a0Die nat\u00fcrlich gewebte Textur verst\u00e4rkt die Tiefe und Haptik des Bildes und schafft ein wirklich immersives visuelles Erlebnis, ohne dass ein Rahmen ben\u00f6tigt wird.<\/li>\n<li aria-level=\"1\"><b>Lebendige Langlebigkeit:<\/b>\u00a0Der hochaufl\u00f6sende Druck sorgt f\u00fcr scharfe Details, w\u00e4hrend professionelle, UV-best\u00e4ndige Tinten ein Verblassen verhindern.<\/li>\n<\/ul>\n<p><b>Pflegetipp:<\/b>\u00a0To preserve its brilliant colors, keep your canvas out of extended direct sunlight and simply dust gently with a soft, dry cloth.<\/p>\n<hr \/>\n<h4><b>Gerahmte Premium-Leinwand<\/b><\/h4>\n<p>Eine Aufwertung f\u00fcr den Raum mit dem hochwertigsten Produkt in unserem Shop. Als Br\u00fccke zwischen klassischer bildender Kunst und der OBSKUR-\u00c4sthetik bieten unsere gerahmten Leinwanddrucke eine fesselnde Tiefe und markante, UV-best\u00e4ndige Farben.<\/p>\n<ul>\n<li aria-level=\"1\"><b>Premium-Material:<\/b>\u00a0Eine schwere (300-350 g\/m\u00b2) Leinwand aus Baumwoll-Polyester-Mischgewebe bietet eine reichhaltige, taktile Oberfl\u00e4che.<\/li>\n<li aria-level=\"1\"><b>Nachhaltige Rahmung:<\/b>\u00a0Zur Auswahl stehen FSC-zertifizierte Pappel- oder Kiefernholzrahmen in minimalistischem Schwarz, rustikalem Naturholz oder klassischem Dunkelbraun.<\/li>\n<li aria-level=\"1\"><b>Galerie-reife Leinwand:<\/b>\u00a0Mit einer Rahmenst\u00e4rke von 4 cm und einem raffinierten Abstand von 12 mm zwischen Leinwand und Rahmen.<\/li>\n<li aria-level=\"1\"><b>Lebendige Langlebigkeit:<\/b>\u00a0Der hochaufl\u00f6sende Druck sorgt f\u00fcr scharfe Details, w\u00e4hrend professionelle, UV-best\u00e4ndige Tinten ein Verblassen verhindern.<\/li>\n<\/ul>\n<p><b>Pflegetipp:<\/b> Um die lebendigen Farben des Drucks zu erhalten, l\u00e4ngere direkte Sonneneinstrahlung vermeiden und Leinwand sowie Rahmen einfach mit einem weichen, trockenen Tuch abstauben. Wasser oder Reinigungsmittel werden nicht ben\u00f6tigt.<\/p>\n<\/div>\n<\/div>\n<\/div>","protected":false},"featured_media":13347,"template":"elementor_header_footer","meta":[],"product_brand":[],"product_cat":[21],"product_tag":[54],"class_list":{"0":"post-12028","1":"product","2":"type-product","3":"status-publish","4":"has-post-thumbnail","6":"product_cat-art","7":"product_tag-sascha-schneider","9":"first","10":"instock","11":"shipping-taxable","12":"purchasable","13":"product-type-variable"},"_links":{"self":[{"href":"https:\/\/obskur.net\/de\/wp-json\/wp\/v2\/product\/12028","targetHints":{"allow":["GET"]}}],"collection":[{"href":"https:\/\/obskur.net\/de\/wp-json\/wp\/v2\/product"}],"about":[{"href":"https:\/\/obskur.net\/de\/wp-json\/wp\/v2\/types\/product"}],"version-history":[{"count":0,"href":"https:\/\/obskur.net\/de\/wp-json\/wp\/v2\/product\/12028\/revisions"}],"wp:featuredmedia":[{"embeddable":true,"href":"https:\/\/obskur.net\/de\/wp-json\/wp\/v2\/media\/13347"}],"wp:attachment":[{"href":"https:\/\/obskur.net\/de\/wp-json\/wp\/v2\/media?parent=12028"}],"wp:term":[{"taxonomy":"product_brand","embeddable":true,"href":"https:\/\/obskur.net\/de\/wp-json\/wp\/v2\/product_brand?post=12028"},{"taxonomy":"product_cat","embeddable":true,"href":"https:\/\/obskur.net\/de\/wp-json\/wp\/v2\/product_cat?post=12028"},{"taxonomy":"product_tag","embeddable":true,"href":"https:\/\/obskur.net\/de\/wp-json\/wp\/v2\/product_tag?post=12028"}],"curies":[{"name":"wp","href":"https:\/\/api.w.org\/{rel}","templated":true}]}}