{"id":9767,"date":"2026-01-17T01:28:35","date_gmt":"2026-01-17T00:28:35","guid":{"rendered":"https:\/\/obskur.net\/?page_id=9767"},"modified":"2026-02-23T20:29:05","modified_gmt":"2026-02-23T19:29:05","slug":"imprint","status":"publish","type":"page","link":"https:\/\/obskur.net\/de\/imprint\/","title":{"rendered":"Impressum"},"content":{"rendered":"<div data-elementor-type=\"wp-page\" data-elementor-id=\"9767\" class=\"elementor elementor-9767\">\n\t\t\t\t<div class=\"elementor-element elementor-element-1105e41 e-flex e-con-boxed qodef-elementor-content-no e-con e-parent\" data-id=\"1105e41\" data-element_type=\"container\" data-e-type=\"container\">\n\t\t\t\t\t<div class=\"e-con-inner\">\n\t\t\t\t<div class=\"elementor-element elementor-element-b70cb20 elementor-widget elementor-widget-heading\" data-id=\"b70cb20\" data-element_type=\"widget\" data-e-type=\"widget\" data-widget_type=\"heading.default\">\n\t\t\t\t<div class=\"elementor-widget-container\">\n\t\t\t\t\t<h4 class=\"elementor-heading-title elementor-size-default\">Einschr\u00e4nkungen f\u00fcr Data Mining und KI-Training<\/h4>\t\t\t\t<\/div>\n\t\t\t\t<\/div>\n\t\t\t\t<div class=\"elementor-element elementor-element-6e285fd elementor-widget elementor-widget-text-editor\" data-id=\"6e285fd\" data-element_type=\"widget\" data-e-type=\"widget\" data-widget_type=\"text-editor.default\">\n\t\t\t\t<div class=\"elementor-widget-container\">\n\t\t\t\t\t\t\t\t\t<p>Der Inhalt dieser Website (einschlie\u00dflich Text, Bilder, Grafiken und Produktdaten) ist urheberrechtlich gesch\u00fctzt. Wir behalten uns unsere Rechte gem\u00e4\u00df Artikel 4 Absatz 3 der Richtlinie (EU) 2019\/790 (DSM-Richtlinie) ausdr\u00fccklich vor.<\/p><p>Jede Nutzung der Inhalte dieser Website zum Zwecke des Text- und Data-Mining, Web-Scraping oder zum Training von Systemen der k\u00fcnstlichen Intelligenz (KI) ist ohne unsere vorherige schriftliche Zustimmung strengstens untersagt. Dieses Verbot gilt f\u00fcr alle automatisierten Prozesse (Bots, Spider, Scraper) sowie f\u00fcr die manuelle Datenextraktion durch Menschen.<\/p>\t\t\t\t\t\t\t\t<\/div>\n\t\t\t\t<\/div>\n\t\t\t\t<div class=\"elementor-element elementor-element-4138c3b elementor-widget elementor-widget-heading\" data-id=\"4138c3b\" data-element_type=\"widget\" data-e-type=\"widget\" data-widget_type=\"heading.default\">\n\t\t\t\t<div class=\"elementor-widget-container\">\n\t\t\t\t\t<h4 class=\"elementor-heading-title elementor-size-default\">rechtliche Anschrift:<\/h4>\t\t\t\t<\/div>\n\t\t\t\t<\/div>\n\t\t\t\t<div class=\"elementor-element elementor-element-1519a0d elementor-widget elementor-widget-text-editor\" data-id=\"1519a0d\" data-element_type=\"widget\" data-e-type=\"widget\" data-widget_type=\"text-editor.default\">\n\t\t\t\t<div class=\"elementor-widget-container\">\n\t\t\t\t\t\t\t\t\t<p>OBSKUR Berlin<br \/>Simon Schmidlin<br \/>Borkumstr.8<br \/>13189 Berlin<\/p>\t\t\t\t\t\t\t\t<\/div>\n\t\t\t\t<\/div>\n\t\t\t\t<div class=\"elementor-element elementor-element-eb2fc01 elementor-widget elementor-widget-text-editor\" data-id=\"eb2fc01\" data-element_type=\"widget\" data-e-type=\"widget\" data-widget_type=\"text-editor.default\">\n\t\t\t\t<div class=\"elementor-widget-container\">\n\t\t\t\t\t\t\t\t\t<p>Gem\u00e4\u00df \u00a7 19 Abs. 1 UStG ist in allen ausgewiesenen Betr\u00e4gen keine Umsatzsteuer enthalten.<\/p>\t\t\t\t\t\t\t\t<\/div>\n\t\t\t\t<\/div>\n\t\t\t\t<div class=\"elementor-element elementor-element-75b94fb elementor-widget elementor-widget-text-editor\" data-id=\"75b94fb\" data-element_type=\"widget\" data-e-type=\"widget\" data-widget_type=\"text-editor.default\">\n\t\t\t\t<div class=\"elementor-widget-container\">\n\t\t\t\t\t\t\t\t\t<div class=\"segment-header\"><div class=\"main-content ng-star-inserted\"><div class=\"texts\"><h4 class=\"ng-star-inserted\">EU GPSR Compliance Information<\/h4><\/div><\/div><\/div><div class=\"highlight-column-text ng-star-inserted\"><ul><li>Kontaktinformationen des Herstellers<ul><li>Name: OBSKUR Berlin &#8211; Simon Schmidlin<\/li><li>Email address: support@obskur.net<\/li><li>Postal address: Borkumstr. 8,13189 Berlin<\/li><\/ul><\/li><li>Altersrichtlinien: F\u00fcr Erwachsene<\/li><li>Garantie (nur f\u00fcr Privatkunden): 2 Jahre<\/li><\/ul><\/div>\t\t\t\t\t\t\t\t<\/div>\n\t\t\t\t<\/div>\n\t\t\t\t<div class=\"elementor-element elementor-element-db3fc21 elementor-widget elementor-widget-heading\" data-id=\"db3fc21\" data-element_type=\"widget\" data-e-type=\"widget\" data-widget_type=\"heading.default\">\n\t\t\t\t<div class=\"elementor-widget-container\">\n\t\t\t\t\t<h4 class=\"elementor-heading-title elementor-size-default\">EU-Streitbeilegung und Streitbeilegung im Verbraucherrecht<\/h4>\t\t\t\t<\/div>\n\t\t\t\t<\/div>\n\t\t\t\t<div class=\"elementor-element elementor-element-e537cef elementor-widget elementor-widget-text-editor\" data-id=\"e537cef\" data-element_type=\"widget\" data-e-type=\"widget\" data-widget_type=\"text-editor.default\">\n\t\t\t\t<div class=\"elementor-widget-container\">\n\t\t\t\t\t\t\t\t\t<p>We are neither obliged nor willing to participate in dispute resolution proceedings before a consumer arbitration board.<\/p>\t\t\t\t\t\t\t\t<\/div>\n\t\t\t\t<\/div>\n\t\t\t\t<div class=\"elementor-element elementor-element-88056f0 elementor-widget elementor-widget-heading\" data-id=\"88056f0\" data-element_type=\"widget\" data-e-type=\"widget\" data-widget_type=\"heading.default\">\n\t\t\t\t<div class=\"elementor-widget-container\">\n\t\t\t\t\t<h4 class=\"elementor-heading-title elementor-size-default\">Media<\/h4>\t\t\t\t<\/div>\n\t\t\t\t<\/div>\n\t\t\t\t<div class=\"elementor-element elementor-element-0150d27 elementor-widget elementor-widget-html\" data-id=\"0150d27\" data-element_type=\"widget\" data-e-type=\"widget\" data-widget_type=\"html.default\">\n\t\t\t\t<div class=\"elementor-widget-container\">\n\t\t\t\t\t<div> Icons made by <a href=\"https:\/\/www.flaticon.com\/authors\/freepik\" title=\"Freepik\" rel=\"nofollow noopener\" target=\"_blank\"> Freepik <\/a> from <a href=\"https:\/\/www.flaticon.com\/\" title=\"Flaticon\" rel=\"nofollow noopener\" target=\"_blank\">www.flaticon.com<\/a><\/div>\t\t\t\t<\/div>\n\t\t\t\t<\/div>\n\t\t\t\t\t<\/div>\n\t\t\t\t<\/div>\n\t\t<div class=\"elementor-element elementor-element-0b9b6b0 e-flex e-con-boxed qodef-elementor-content-no e-con e-parent\" data-id=\"0b9b6b0\" data-element_type=\"container\" data-e-type=\"container\">\n\t\t\t\t\t<div class=\"e-con-inner\">\n\t\t\t\t<div class=\"elementor-element elementor-element-6c18b7b elementor-widget elementor-widget-spacer\" data-id=\"6c18b7b\" data-element_type=\"widget\" data-e-type=\"widget\" data-widget_type=\"spacer.default\">\n\t\t\t\t<div class=\"elementor-widget-container\">\n\t\t\t\t\t\t\t<div class=\"elementor-spacer\">\n\t\t\t<div class=\"elementor-spacer-inner\"><\/div>\n\t\t<\/div>\n\t\t\t\t\t\t<\/div>\n\t\t\t\t<\/div>\n\t\t\t\t\t<\/div>\n\t\t\t\t<\/div>\n\t\t\t\t<\/div>","protected":false},"excerpt":{"rendered":"<p>Restrictions on data mining and AI training The content of this website (including text, images, graphics, and product data) is protected by copyright. We expressly reserve our rights in accordance with Article 4(3) of Directive (EU) 2019\/790 (DSM Directive). Any use of the content of this website for the purposes of text and data mining, [&hellip;]<\/p>\n","protected":false},"author":2,"featured_media":0,"parent":0,"menu_order":0,"comment_status":"closed","ping_status":"closed","template":"page-full-width.php","meta":{"footnotes":""},"class_list":["post-9767","page","type-page","status-publish","hentry"],"_links":{"self":[{"href":"https:\/\/obskur.net\/de\/wp-json\/wp\/v2\/pages\/9767","targetHints":{"allow":["GET"]}}],"collection":[{"href":"https:\/\/obskur.net\/de\/wp-json\/wp\/v2\/pages"}],"about":[{"href":"https:\/\/obskur.net\/de\/wp-json\/wp\/v2\/types\/page"}],"author":[{"embeddable":true,"href":"https:\/\/obskur.net\/de\/wp-json\/wp\/v2\/users\/2"}],"replies":[{"embeddable":true,"href":"https:\/\/obskur.net\/de\/wp-json\/wp\/v2\/comments?post=9767"}],"version-history":[{"count":3,"href":"https:\/\/obskur.net\/de\/wp-json\/wp\/v2\/pages\/9767\/revisions"}],"predecessor-version":[{"id":13749,"href":"https:\/\/obskur.net\/de\/wp-json\/wp\/v2\/pages\/9767\/revisions\/13749"}],"wp:attachment":[{"href":"https:\/\/obskur.net\/de\/wp-json\/wp\/v2\/media?parent=9767"}],"curies":[{"name":"wp","href":"https:\/\/api.w.org\/{rel}","templated":true}]}}