{"id":11035,"date":"2026-01-30T21:48:46","date_gmt":"2026-01-30T20:48:46","guid":{"rendered":"https:\/\/obskur.net\/?page_id=11035"},"modified":"2026-02-22T15:55:12","modified_gmt":"2026-02-22T14:55:12","slug":"packaging-disposal","status":"publish","type":"page","link":"https:\/\/obskur.net\/de\/packaging-disposal\/","title":{"rendered":"Verpackung und Entsorgung"},"content":{"rendered":"<div data-elementor-type=\"wp-page\" data-elementor-id=\"11035\" class=\"elementor elementor-11035\">\n\t\t\t\t<div class=\"elementor-element elementor-element-0749eee e-con-full e-flex qodef-elementor-content-no e-con e-parent\" data-id=\"0749eee\" data-element_type=\"container\" data-e-type=\"container\">\n\t\t\t\t<div class=\"elementor-element elementor-element-9256b95 elementor-widget elementor-widget-html\" data-id=\"9256b95\" data-element_type=\"widget\" data-e-type=\"widget\" data-widget_type=\"html.default\">\n\t\t\t\t<div class=\"elementor-widget-container\">\n\t\t\t\t\t\t\t\t\t<\/div>\n\t\t\t\t<\/div>\n\t\t\t\t<div class=\"elementor-element elementor-element-a308284 elementor-widget elementor-widget-html\" data-id=\"a308284\" data-element_type=\"widget\" data-e-type=\"widget\" data-widget_type=\"html.default\">\n\t\t\t\t<div class=\"elementor-widget-container\">\n\t\t\t\t\t\r\n<div style=\"color: #fff;\">\r\n    <p><strong>Informationen zum Verpackungsgesetz (VerpackG)<\/strong><\/p>\r\n\r\n    <p>Wir setzen uns f\u00fcr Umweltschutz und Nachhaltigkeit ein. Um die Einhaltung des Verpackungsgesetzes (VerpackG) sicherzustellen, kommen wir unserer Verantwortung nach, uns an einem dualen System f\u00fcr das Recycling von Verpackungsmaterialien zu beteiligen.<\/p>\r\n\r\n    <div style=\"border-left: 2px solid #fff; padding: 1px 5px 5px 20px; margin: 20px 0;\">\r\n        <h4>Verpackungslizenzierung und Systembeteiligung<\/h4>\r\n        <p>Da unsere Produkte auf Abruf (On-Demand) produziert und versandt werden, ist unsere Versandverpackung vollst\u00e4ndig \u00fcber unseren Partner Gelato lizenziert und registriert. Die von uns verwendeten Verpackungen werden bei der Zentralen Stelle Verpackungsregister (ZSVR) in der LUCID-Datenbank gemeldet und nehmen am dualen System Landbell teil, um ein ordnungsgem\u00e4\u00dfes Recycling zu gew\u00e4hrleisten.<\/p>\r\n        <p>\r\n            <strong>- Partner:<\/strong> Gelato ASA, Dronning Eufemias gate 8, 0191 Oslo, 991753591MVA<br>\r\n            <strong>- Partner Duales System:<\/strong> Landbell AG<br>\r\n            <strong>- LUCID Registrierungsnummer:<\/strong> DE2478308883224 (Registriert auf Gelato ASA)\r\n        <\/p>\r\n    <\/div>\r\n\r\n    <h4 style=\"margin-top: 50px;\">Entsorgungshinweise f\u00fcr Kunden in Deutschland<\/h4>\r\n    <p>Bitte die Verpackungsmaterialien korrekt entsorgen, um den Umweltschutz zu unterst\u00fctzen:<\/p>\r\n\r\n    <div style=\"display: flex; gap: 20px; flex-wrap: wrap; margin-top: 20px;\">\r\n        <div style=\"flex: 1; min-width: 250px; padding: 15px; border: 2px solid #fff;\">\r\n            <h5 style=\"margin-top: 0;\">Papier & Pappe<\/h5>\r\n            <p>Versandkartons, Umschl\u00e4ge und F\u00fcllmaterialien auf Papierbasis bitte in der <strong>Blauen Tonne<\/strong> oder im Altpapier-Container entsorgen.<\/p>\r\n        <\/div>\r\n        <div style=\"flex: 1; min-width: 250px; padding: 15px; border: 2px solid #fff;\">\r\n            <h5 style=\"margin-top: 0;\">Kunststoffe<\/h5>\r\n            <p>Kunststoffschutzfolien oder Klebeb\u00e4nder bitte in der <strong>Gelben Tonne<\/strong> oder im Gelben Sack entsorgen.<\/p>\r\n        <\/div>\r\n    <\/div>\r\n\r\n    <p style=\"margin-top: 30px;\">\r\n        Durch die Trennung dieser Materialien wird sichergestellt, dass diese in den Recyclingkreislauf zur\u00fcckgef\u00fchrt werden k\u00f6nnen.\r\n    <\/p>\r\n<\/div>\r\n\t\t\t\t<\/div>\n\t\t\t\t<\/div>\n\t\t\t\t<div class=\"elementor-element elementor-element-5fe22b6 elementor-widget elementor-widget-spacer\" data-id=\"5fe22b6\" data-element_type=\"widget\" data-e-type=\"widget\" data-widget_type=\"spacer.default\">\n\t\t\t\t<div class=\"elementor-widget-container\">\n\t\t\t\t\t\t\t<div class=\"elementor-spacer\">\n\t\t\t<div class=\"elementor-spacer-inner\"><\/div>\n\t\t<\/div>\n\t\t\t\t\t\t<\/div>\n\t\t\t\t<\/div>\n\t\t\t\t<\/div>\n\t\t\t\t<\/div>","protected":false},"excerpt":{"rendered":"","protected":false},"author":2,"featured_media":0,"parent":0,"menu_order":0,"comment_status":"closed","ping_status":"closed","template":"","meta":{"footnotes":""},"class_list":["post-11035","page","type-page","status-publish","hentry"],"_links":{"self":[{"href":"https:\/\/obskur.net\/de\/wp-json\/wp\/v2\/pages\/11035","targetHints":{"allow":["GET"]}}],"collection":[{"href":"https:\/\/obskur.net\/de\/wp-json\/wp\/v2\/pages"}],"about":[{"href":"https:\/\/obskur.net\/de\/wp-json\/wp\/v2\/types\/page"}],"author":[{"embeddable":true,"href":"https:\/\/obskur.net\/de\/wp-json\/wp\/v2\/users\/2"}],"replies":[{"embeddable":true,"href":"https:\/\/obskur.net\/de\/wp-json\/wp\/v2\/comments?post=11035"}],"version-history":[{"count":0,"href":"https:\/\/obskur.net\/de\/wp-json\/wp\/v2\/pages\/11035\/revisions"}],"wp:attachment":[{"href":"https:\/\/obskur.net\/de\/wp-json\/wp\/v2\/media?parent=11035"}],"curies":[{"name":"wp","href":"https:\/\/api.w.org\/{rel}","templated":true}]}}